{"id":9757,"date":"2026-04-09T11:08:42","date_gmt":"2026-04-09T09:08:42","guid":{"rendered":"https:\/\/sportambulatorium.wien\/?page_id=9757"},"modified":"2026-04-09T16:31:12","modified_gmt":"2026-04-09T14:31:12","slug":"wirbelsaeule","status":"publish","type":"page","link":"https:\/\/sportambulatorium.wien\/en\/wirbelsaeule\/","title":{"rendered":"Spinal Column"},"content":{"rendered":"<div id=\"cs-content\" class=\"cs-content\"><div class=\"x-section e9757-1 m7j1-0 m7j1-1 m7j1-2 subpage-header\"><div class=\"x-bg\" aria-hidden=\"true\"><div class=\"x-bg-layer-lower-image\" style=\" background-image: url(http:\/\/sportambulatorium.wien\/wp-content\/uploads\/2019\/07\/service_overview_hero.jpg); background-repeat: no-repeat; background-position: top; background-size: cover;\"><\/div><\/div><div class=\"x-container max width e9757-2 m7j1-6 m7j1-7 m7j1-8\"><div class=\"x-column x-sm x-1-1 e9757-3 m7j1-b m7j1-c m7j1-d m7j1-e m7j1-f\"><div class=\"x-text x-text-headline e9757-4 m7j1-s m7j1-t m7j1-u m7j1-v m7j1-w m7j1-x m7j1-y hero-headline\"><div class=\"x-text-content\"><div class=\"x-text-content-text\"><h1 class=\"x-text-content-text-primary\">The Spine \u2013 Conditions, Back Pain, Causes &amp; Treatment at SPORTambulatorium Vienna<\/h1><\/div><\/div><\/div><\/div><\/div><\/div><div class=\"x-section e9757-5 m7j1-1 m7j1-3 m7j1-4\"><div class=\"x-bg\" aria-hidden=\"true\"><div class=\"x-bg-layer-lower-image\"><\/div><\/div><div class=\"x-container max width e9757-6 m7j1-6 m7j1-8 m7j1-9\"><div class=\"x-column x-sm x-1-1 e9757-7 m7j1-b m7j1-c m7j1-d m7j1-f m7j1-g\"><div class=\"x-text e9757-8 m7j1-18 m7j1-19 m7j1-1a m7j1-1b m7j1-1c m7j1-1d\"><p><span style=\"font-weight: 400;\">The human spine is a complex structure consisting of vertebral bodies, vertebral joints, intervertebral discs, and neural structures, including the spinal cord and spinal nerves. It typically consists of cervical vertebrae (C1\u2013C7), thoracic vertebrae (T1\u2013T12), lumbar vertebrae (L1\u2013L5), sacral vertebrae (S1\u2013S5), and coccygeal vertebrae. Due to the complexity of the spine, discomfort can arise in many areas.<\/span><\/p><\/div><\/div><\/div><\/div><div class=\"x-section e9757-9 m7j1-1 m7j1-3 m7j1-4\" id=\"services\"><div class=\"x-bg\" aria-hidden=\"true\"><div class=\"x-bg-layer-lower-image\"><\/div><\/div><div class=\"x-container max width e9757-10 m7j1-6 m7j1-8 m7j1-9\"><div class=\"x-column x-sm x-1-3 e9757-11 m7j1-b m7j1-c m7j1-d m7j1-e m7j1-f\"><span class=\"x-image e9757-12 m7j1-1j\" id=\"service-knee-img\"><img src=\"https:\/\/sportambulatorium.wien\/wp-content\/uploads\/2026\/04\/wirbelsaeule-1.png\" width=\"1434.5\" height=\"1434\" alt=\"Spezialist f\u00fcr Knie\" loading=\"lazy\"><\/span><\/div><div class=\"x-column x-sm x-2-3 e9757-13 m7j1-b m7j1-c m7j1-d m7j1-f m7j1-g\" id=\"service-shoulder-text-column\"><div class=\"x-text x-text-headline e9757-14 m7j1-s m7j1-t m7j1-u m7j1-y m7j1-z m7j1-10 m7j1-11 m7j1-12 font-regular-force\"><div class=\"x-text-content\"><div class=\"x-text-content-text\"><h2 class=\"x-text-content-text-primary\">Our Spine Specialist at SPORTambulatorium Vienna: Dr. Julia Reinhart<\/h2><\/div><\/div><\/div><div class=\"x-text e9757-15 m7j1-18 m7j1-19 m7j1-1a m7j1-1b m7j1-1c m7j1-1d m7j1-1e\"><p class=\" translation-block\"><span style=\"font-weight: 400\"> Our<\/span><a href=\"https:\/\/www.neurochirurgie-reinhart.at\/\" target=\"_self\"><span style=\"font-weight: 400\"> specialist in neurosurgery and spine specialist in Vienna, Dr. Julia Reinhart, <\/span><\/a><span style=\"font-weight: 400\"> develops the best possible, personalized treatment plan for you at our neurosurgical practice in the SPORTambulatorium Vienna. Should surgery be necessary, it will be performed at the Confraternit\u00e4t Private Clinic in Vienna\u2014 using minimally invasive neurosurgical techniques and modern microscopy.<\/p>\n<p class=\" translation-block\">A study has shown that for patients with long-lasting lower back pain, independence from medical facilities is the most important factor. One of the goals of the SPORTambulatorium Wien team is therefore to offer \u201chelp for self-help.\u201d In addition to educating patients on the \u201ccorrect\u201d actions to take in acute situations, recommendations regarding the selection and practice of sports are key components of medical and therapeutic counseling.<\/p><\/div><\/div><\/div><\/div><div class=\"x-section e9757-16 m7j1-1 m7j1-3 m7j1-4\"><div class=\"x-bg\" aria-hidden=\"true\"><div class=\"x-bg-layer-lower-image\"><\/div><\/div><div class=\"x-container max width e9757-17 m7j1-6 m7j1-8 m7j1-9\"><div class=\"x-column x-sm x-1-1 e9757-18 m7j1-b m7j1-c m7j1-d m7j1-f m7j1-g\"><div class=\"x-text x-text-headline e9757-19 m7j1-s m7j1-t m7j1-u m7j1-y m7j1-z m7j1-10 m7j1-11 m7j1-12 font-regular-force\"><div class=\"x-text-content\"><div class=\"x-text-content-text\"><h2 class=\"x-text-content-text-primary\">What spinal conditions are there?<\/h2><\/div><\/div><\/div><div class=\"x-text e9757-20 m7j1-18 m7j1-19 m7j1-1a m7j1-1b m7j1-1c m7j1-1d\"><p class=\" translation-block\">Spinal conditions encompass a wide range of issues\u2014from natural signs of degeneration to structural misalignments and inflammatory processes. These include, among others, degenerative changes such as herniated discs and spinal stenosis, congenital or acquired postural abnormalities such as scoliosis or Scheuermann\u2019s disease, as well as inflammatory conditions such as ankylosing spondylitis. These conditions can lead to pain, limited mobility, and, in severe cases, neurological impairments.<\/p><\/div><\/div><\/div><\/div><div class=\"x-section e9757-21 m7j1-0 m7j1-1 m7j1-5\"><div class=\"x-container max width e9757-22 m7j1-6 m7j1-7 m7j1-a\"><\/div><div class=\"x-container max width e9757-23 m7j1-6 m7j1-7 m7j1-8\"><div class=\"x-column x-sm x-1-4 e9757-24 m7j1-b m7j1-c m7j1-d m7j1-f  x-hide-md x-hide-sm x-hide-xs\"><div class=\"x-text x-text-headline e9757-25 m7j1-u m7j1-w m7j1-y m7j1-z m7j1-11 m7j1-12 m7j1-13 m7j1-14 m7j1-15\"><div class=\"x-text-content\"><div class=\"x-text-content-text\"><h5 class=\"x-text-content-text-primary\">SERVICES<\/h5><\/div><\/div><\/div><div class=\"x-text x-text-headline e9757-26 m7j1-t m7j1-u m7j1-v m7j1-w m7j1-y m7j1-11 m7j1-12 m7j1-13 m7j1-14\"><div class=\"x-text-content\"><div class=\"x-text-content-text\"><h6 class=\"x-text-content-text-primary\">SPINE<\/h6><\/div><\/div><\/div><ul class=\"x-menu-first-level x-menu x-menu-layered x-current-layer e9757-27 m7j1-1l small-service-menu\" data-x-toggle-layered-root=\"1\"><li class=\"menu-item menu-item-type-post_type menu-item-object-post menu-item-9759\" id=\"menu-item-9759\"><a class=\"x-anchor x-anchor-menu-item m7j1-1k\" tabindex=\"0\" href=\"https:\/\/sportambulatorium.wien\/en\/bandscheibenvorfall-op\/\"><div class=\"x-anchor-content\"><div class=\"x-anchor-text\"><span class=\"x-anchor-text-primary\">Herniated Disc: Surgery and Conservative Treatment at SPORTambulatorium Vienna<\/span><\/div><i class=\"x-anchor-sub-indicator\" data-x-skip-scroll=\"true\" aria-hidden=\"true\" data-x-icon-s=\"&#xf105;\"><\/i><\/div><\/a><\/li><li class=\"menu-item menu-item-type-post_type menu-item-object-post menu-item-9760\" id=\"menu-item-9760\"><a class=\"x-anchor x-anchor-menu-item m7j1-1k\" tabindex=\"0\" href=\"https:\/\/sportambulatorium.wien\/en\/spinalkanalstenose-op\/\"><div class=\"x-anchor-content\"><div class=\"x-anchor-text\"><span class=\"x-anchor-text-primary\">Spinal Canal Stenosis: Symptoms, Causes, Treatment &amp; Surgery at SPORTambulatorium Vienna<\/span><\/div><i class=\"x-anchor-sub-indicator\" data-x-skip-scroll=\"true\" aria-hidden=\"true\" data-x-icon-s=\"&#xf105;\"><\/i><\/div><\/a><\/li><li class=\"menu-item menu-item-type-post_type menu-item-object-post menu-item-9761\" id=\"menu-item-9761\"><a class=\"x-anchor x-anchor-menu-item m7j1-1k\" tabindex=\"0\" href=\"https:\/\/sportambulatorium.wien\/en\/wirbelbruch-op\/\"><div class=\"x-anchor-content\"><div class=\"x-anchor-text\"><span class=\"x-anchor-text-primary\">Vertebral Fracture: Surgery and Conservative Treatment at SPORTambulatorium Vienna<\/span><\/div><i class=\"x-anchor-sub-indicator\" data-x-skip-scroll=\"true\" aria-hidden=\"true\" data-x-icon-s=\"&#xf105;\"><\/i><\/div><\/a><\/li><li class=\"menu-item menu-item-type-post_type menu-item-object-post menu-item-9762\" id=\"menu-item-9762\"><a class=\"x-anchor x-anchor-menu-item m7j1-1k\" tabindex=\"0\" href=\"https:\/\/sportambulatorium.wien\/en\/rueckenschmerzen-nackenschmerzen\/\"><div class=\"x-anchor-content\"><div class=\"x-anchor-text\"><span class=\"x-anchor-text-primary\">Quick Relief for Neck and Back Pain at SPORTambulatorium Vienna<\/span><\/div><i class=\"x-anchor-sub-indicator\" data-x-skip-scroll=\"true\" aria-hidden=\"true\" data-x-icon-s=\"&#xf105;\"><\/i><\/div><\/a><\/li><li class=\"menu-item menu-item-type-post_type menu-item-object-post menu-item-9763\" id=\"menu-item-9763\"><a class=\"x-anchor x-anchor-menu-item m7j1-1k\" tabindex=\"0\" href=\"https:\/\/sportambulatorium.wien\/en\/karpaltunnelsyndrom-op\/\"><div class=\"x-anchor-content\"><div class=\"x-anchor-text\"><span class=\"x-anchor-text-primary\">Carpal Tunnel Syndrome Surgery | SPORTambulatorium Vienna<\/span><\/div><i class=\"x-anchor-sub-indicator\" data-x-skip-scroll=\"true\" aria-hidden=\"true\" data-x-icon-s=\"&#xf105;\"><\/i><\/div><\/a><\/li><\/ul><\/div><div class=\"x-column x-sm x-3-4 e9757-28 m7j1-b m7j1-c m7j1-d m7j1-f\" id=\"service-detail-grid\"><div class=\"x-container e9757-29 m7j1-6 m7j1-7 m7j1-8\"><div class=\"x-column x-sm x-1-1 e9757-30 m7j1-b m7j1-c m7j1-d m7j1-f\"><div class=\"x-container e9757-31 m7j1-6 m7j1-7 m7j1-8\"><div class=\"x-column x-sm x-1-1 e9757-32 m7j1-f m7j1-h m7j1-i m7j1-j m7j1-k m7j1-l\"><div class=\"x-text x-text-headline e9757-33 m7j1-t m7j1-u m7j1-v m7j1-w m7j1-x m7j1-13 m7j1-16\"><div class=\"x-text-content\"><div class=\"x-text-content-text\"><h5 class=\"x-text-content-text-primary\">Herniated Disc: Surgery and Conservative Treatment<\/h5><\/div><\/div><\/div><div class=\"x-text e9757-34 m7j1-19 m7j1-1b m7j1-1d m7j1-1f m7j1-1g\"><\/div><div class=\"x-text e9757-35 m7j1-18 m7j1-19 m7j1-1a m7j1-1h\"><a style=\"color: #2d3775; text-decoration: underline\"  href=\"\/en\/wirbelsaeule-bandscheibenvorfall-op\/\"> \nread more --&gt;\n<\/a><\/div><\/div><\/div><div class=\"x-container e9757-36 m7j1-6 m7j1-7 m7j1-8\"><\/div><div class=\"x-container e9757-37 m7j1-6 m7j1-7 m7j1-8\"><div class=\"x-column x-sm x-1-2 e9757-38 m7j1-c m7j1-f m7j1-j m7j1-k m7j1-l m7j1-m m7j1-n\"><div class=\"x-text x-text-headline e9757-39 m7j1-t m7j1-u m7j1-v m7j1-w m7j1-x m7j1-13 m7j1-16\"><div class=\"x-text-content\"><div class=\"x-text-content-text\"><h5 class=\"x-text-content-text-primary\">Spinal Canal Stenosis: Symptoms, Causes, Treatment &amp; Surgery<\/h5><\/div><\/div><\/div><div class=\"x-text e9757-40 m7j1-18 m7j1-19 m7j1-1a m7j1-1h\"><a style=\"color: #2d3775; text-decoration: underline\" href=\"\/en\/wirbelsaeule\/spinalkanalstenose-op\/\"> \nread more --&gt;\n<\/a><\/div><\/div><div class=\"x-column x-sm x-1-2 e9757-41 m7j1-c m7j1-f m7j1-i m7j1-j m7j1-l m7j1-m m7j1-o\"><div class=\"x-text x-text-headline e9757-42 m7j1-t m7j1-u m7j1-v m7j1-w m7j1-x m7j1-13 m7j1-16\"><div class=\"x-text-content\"><div class=\"x-text-content-text\"><h5 class=\"x-text-content-text-primary\">Vertebral Fracture: Surgery and Conservative Treatment<\/h5><\/div><\/div><\/div><div class=\"x-text e9757-43 m7j1-18 m7j1-19 m7j1-1a m7j1-1h\"><a style=\"color: #2d3775; text-decoration: underline\"  href=\"https:\/\/sportambulatorium.wien\/en\/wirbelbruch-op\/\"> \nread more --&gt;\n<\/a><\/div><\/div><\/div><div class=\"x-container e9757-44 m7j1-6 m7j1-7 m7j1-8\"><div class=\"x-column x-sm x-1-2 e9757-45 m7j1-c m7j1-f m7j1-k m7j1-l m7j1-m m7j1-n m7j1-p\"><div class=\"x-text x-text-headline e9757-46 m7j1-t m7j1-u m7j1-v m7j1-w m7j1-x m7j1-13 m7j1-16\"><div class=\"x-text-content\"><div class=\"x-text-content-text\"><h5 class=\"x-text-content-text-primary\">Quick Relief for Neck and Back Pain<\/h5><\/div><\/div><\/div><div class=\"x-text e9757-47 m7j1-18 m7j1-19 m7j1-1a m7j1-1h\"><a style=\"color: #2d3775; text-decoration: underline\"  href=\"https:\/\/sportambulatorium.wien\/en\/rueckenschmerzen-nackenschmerzen\/\"> \nread more --&gt;\n<\/a><\/div><\/div><div class=\"x-column x-sm x-1-2 e9757-48 m7j1-f m7j1-i m7j1-l m7j1-m m7j1-o m7j1-p m7j1-q\"><div class=\"x-text x-text-headline e9757-49 m7j1-t m7j1-u m7j1-v m7j1-w m7j1-x m7j1-13 m7j1-16\"><div class=\"x-text-content\"><div class=\"x-text-content-text\"><h5 class=\"x-text-content-text-primary\">Carpal tunnel syndrome surgery<\/h5><\/div><\/div><\/div><div class=\"x-text e9757-50 m7j1-18 m7j1-19 m7j1-1a m7j1-1h\"><a style=\"color: #2d3775; text-decoration: underline\" href=\"https:\/\/sportambulatorium.wien\/en\/karpaltunnelsyndrom-op\/\"> \nread more --&gt;\n<\/a><\/div><\/div><\/div><div class=\"x-container e9757-51 m7j1-6 m7j1-7 m7j1-8\"><\/div><\/div><\/div><\/div><\/div><\/div><div class=\"x-section e9757-52 m7j1-0 m7j1-1 m7j1-4 contact-cta\"><div class=\"x-bg\" aria-hidden=\"true\"><div class=\"x-bg-layer-lower-image\"><\/div><\/div><div class=\"x-container marginless-columns e9757-53 m7j1-6 m7j1-7 m7j1-8\"><div class=\"x-column x-sm x-1-2 e9757-54 m7j1-b m7j1-c m7j1-d m7j1-e m7j1-f\"><div class=\"x-bg\" aria-hidden=\"true\"><div class=\"x-bg-layer-lower-image\" style=\" background-image: url(http:\/\/sportambulatorium.wien\/wp-content\/uploads\/2019\/06\/ordi2-bg.jpg); background-repeat: no-repeat; background-position: 0 30%; background-size: cover;\"><\/div><\/div>&nbsp;<\/div><div class=\"x-column x-sm x-1-2 e9757-55 m7j1-b m7j1-c m7j1-f m7j1-r contact-cta-mask\"><div class=\"x-text x-text-headline e9757-56 m7j1-s m7j1-t m7j1-u m7j1-v m7j1-w m7j1-x m7j1-12 m7j1-17\"><div class=\"x-text-content\"><div class=\"x-text-content-text\"><h5 class=\"x-text-content-text-primary\">WE ARE HERE TO HELP YOU<\/h5><\/div><\/div><\/div><div class=\"x-text e9757-57 m7j1-19 m7j1-1a m7j1-1b m7j1-1c m7j1-1g m7j1-1i\"><p>Our team of experts is always available to support you. Set up an appointment online now.<\/p><\/div><div class=\"x-content-area e9757-58 m7j1-1m\"><div class=\"btn-bg Ocean\">\n    <div class=\"btn-group\">\n      <div class=\"btn Debris\">\n<a href=\"https:\/\/sportambulatorium.wien\/en\/kontakt\/\">\n        <button href=\"\/kontakt\" style=\"outline: none;\">CONTACT<span class=\"one\"><\/span><\/button>\n<\/a>\n      <\/div>\n    <\/div>\n  <\/div><\/div><\/div><\/div><\/div><\/div>","protected":false},"excerpt":{"rendered":"<p>Alle Infos rund um das Kniegelenk und unsere Leistungsbereiche erhalten Sie hier.<\/p>","protected":false},"author":1,"featured_media":0,"parent":0,"menu_order":0,"comment_status":"closed","ping_status":"closed","template":"template-blank-4.php","meta":[],"yoast_head":"<!-- This site is optimized with the Yoast SEO plugin v19.10 - https:\/\/yoast.com\/wordpress\/plugins\/seo\/ -->\n<title>Die Wirbels\u00e4ule | Univ.Prof. Dr. G\u00e4bler SPORTambulatorium<\/title>\n<meta name=\"description\" content=\"Die Wirbels\u00e4ule \u27a4 Beschwerden &amp; Ursachen | Behandlung &amp; Therapie | Kontaktieren Sie uns f\u00fcr Ihren Ersttermin.\" \/>\n<meta name=\"robots\" content=\"index, follow, max-snippet:-1, max-image-preview:large, max-video-preview:-1\" \/>\n<link rel=\"canonical\" href=\"https:\/\/sportambulatorium.wien\/en\/wirbelsaeule\/\" \/>\n<meta property=\"og:locale\" content=\"en_GB\" \/>\n<meta property=\"og:type\" content=\"article\" \/>\n<meta property=\"og:title\" content=\"Die Wirbels\u00e4ule | Univ.Prof. Dr. G\u00e4bler SPORTambulatorium\" \/>\n<meta property=\"og:description\" content=\"Die Wirbels\u00e4ule \u27a4 Beschwerden &amp; Ursachen | Behandlung &amp; Therapie | Kontaktieren Sie uns f\u00fcr Ihren Ersttermin.\" \/>\n<meta property=\"og:url\" content=\"https:\/\/sportambulatorium.wien\/en\/wirbelsaeule\/\" \/>\n<meta property=\"og:site_name\" content=\"SPORTambulatorium\" \/>\n<meta property=\"article:modified_time\" content=\"2026-04-09T14:31:12+00:00\" \/>\n<meta property=\"og:image\" content=\"https:\/\/sportambulatorium.wien\/wp-content\/uploads\/2022\/12\/IMG_4746-scaled.jpeg\" \/>\n\t<meta property=\"og:image:width\" content=\"2560\" \/>\n\t<meta property=\"og:image:height\" content=\"1707\" \/>\n\t<meta property=\"og:image:type\" content=\"image\/jpeg\" \/>\n<meta name=\"twitter:card\" content=\"summary_large_image\" \/>\n<meta name=\"twitter:image\" content=\"https:\/\/sportambulatorium.wien\/wp-content\/uploads\/2022\/12\/IMG_4746-scaled.jpeg\" \/>\n<meta name=\"twitter:label1\" content=\"Estimated reading time\" \/>\n\t<meta name=\"twitter:data1\" content=\"3 minutes\" \/>\n<script type=\"application\/ld+json\" class=\"yoast-schema-graph\">{\"@context\":\"https:\/\/schema.org\",\"@graph\":[{\"@type\":\"WebPage\",\"@id\":\"https:\/\/sportambulatorium.wien\/wirbelsaeule\/\",\"url\":\"https:\/\/sportambulatorium.wien\/wirbelsaeule\/\",\"name\":\"Die Wirbels\u00e4ule | Univ.Prof. Dr. G\u00e4bler SPORTambulatorium\",\"isPartOf\":{\"@id\":\"https:\/\/sportambulatorium.wien\/#website\"},\"datePublished\":\"2026-04-09T09:08:42+00:00\",\"dateModified\":\"2026-04-09T14:31:12+00:00\",\"description\":\"Die Wirbels\u00e4ule \u27a4 Beschwerden & Ursachen | Behandlung & Therapie | Kontaktieren Sie uns f\u00fcr Ihren Ersttermin.\",\"breadcrumb\":{\"@id\":\"https:\/\/sportambulatorium.wien\/wirbelsaeule\/#breadcrumb\"},\"inLanguage\":\"en-GB\",\"potentialAction\":[{\"@type\":\"ReadAction\",\"target\":[\"https:\/\/sportambulatorium.wien\/wirbelsaeule\/\"]}]},{\"@type\":\"BreadcrumbList\",\"@id\":\"https:\/\/sportambulatorium.wien\/wirbelsaeule\/#breadcrumb\",\"itemListElement\":[{\"@type\":\"ListItem\",\"position\":1,\"name\":\"Home\",\"item\":\"https:\/\/sportambulatorium.wien\/\"},{\"@type\":\"ListItem\",\"position\":2,\"name\":\"Wirbels\u00e4ule\"}]},{\"@type\":\"WebSite\",\"@id\":\"https:\/\/sportambulatorium.wien\/#website\",\"url\":\"https:\/\/sportambulatorium.wien\/\",\"name\":\"SPORTambulatorium\",\"description\":\"f\u00fcr Bewegung im Leben\",\"potentialAction\":[{\"@type\":\"SearchAction\",\"target\":{\"@type\":\"EntryPoint\",\"urlTemplate\":\"https:\/\/sportambulatorium.wien\/?s={search_term_string}\"},\"query-input\":\"required name=search_term_string\"}],\"inLanguage\":\"en-GB\"}]}<\/script>\n<!-- \/ Yoast SEO plugin. -->","yoast_head_json":{"title":"Die Wirbels\u00e4ule | Univ.Prof. Dr. G\u00e4bler SPORTambulatorium","description":"Die Wirbels\u00e4ule \u27a4 Beschwerden & Ursachen | Behandlung & Therapie | Kontaktieren Sie uns f\u00fcr Ihren Ersttermin.","robots":{"index":"index","follow":"follow","max-snippet":"max-snippet:-1","max-image-preview":"max-image-preview:large","max-video-preview":"max-video-preview:-1"},"canonical":"https:\/\/sportambulatorium.wien\/en\/wirbelsaeule\/","og_locale":"en_GB","og_type":"article","og_title":"Die Wirbels\u00e4ule | Univ.Prof. Dr. G\u00e4bler SPORTambulatorium","og_description":"Die Wirbels\u00e4ule \u27a4 Beschwerden & Ursachen | Behandlung & Therapie | Kontaktieren Sie uns f\u00fcr Ihren Ersttermin.","og_url":"https:\/\/sportambulatorium.wien\/en\/wirbelsaeule\/","og_site_name":"SPORTambulatorium","article_modified_time":"2026-04-09T14:31:12+00:00","og_image":[{"width":2560,"height":1707,"url":"https:\/\/sportambulatorium.wien\/wp-content\/uploads\/2022\/12\/IMG_4746-scaled.jpeg","type":"image\/jpeg"}],"twitter_card":"summary_large_image","twitter_image":"https:\/\/sportambulatorium.wien\/wp-content\/uploads\/2022\/12\/IMG_4746-scaled.jpeg","twitter_misc":{"Estimated reading time":"3 minutes"},"schema":{"@context":"https:\/\/schema.org","@graph":[{"@type":"WebPage","@id":"https:\/\/sportambulatorium.wien\/wirbelsaeule\/","url":"https:\/\/sportambulatorium.wien\/wirbelsaeule\/","name":"Die Wirbels\u00e4ule | Univ.Prof. Dr. G\u00e4bler SPORTambulatorium","isPartOf":{"@id":"https:\/\/sportambulatorium.wien\/#website"},"datePublished":"2026-04-09T09:08:42+00:00","dateModified":"2026-04-09T14:31:12+00:00","description":"Die Wirbels\u00e4ule \u27a4 Beschwerden & Ursachen | Behandlung & Therapie | Kontaktieren Sie uns f\u00fcr Ihren Ersttermin.","breadcrumb":{"@id":"https:\/\/sportambulatorium.wien\/wirbelsaeule\/#breadcrumb"},"inLanguage":"en-GB","potentialAction":[{"@type":"ReadAction","target":["https:\/\/sportambulatorium.wien\/wirbelsaeule\/"]}]},{"@type":"BreadcrumbList","@id":"https:\/\/sportambulatorium.wien\/wirbelsaeule\/#breadcrumb","itemListElement":[{"@type":"ListItem","position":1,"name":"Home","item":"https:\/\/sportambulatorium.wien\/"},{"@type":"ListItem","position":2,"name":"Wirbels\u00e4ule"}]},{"@type":"WebSite","@id":"https:\/\/sportambulatorium.wien\/#website","url":"https:\/\/sportambulatorium.wien\/","name":"SPORTambulatorium","description":"f\u00fcr Bewegung im Leben","potentialAction":[{"@type":"SearchAction","target":{"@type":"EntryPoint","urlTemplate":"https:\/\/sportambulatorium.wien\/?s={search_term_string}"},"query-input":"required name=search_term_string"}],"inLanguage":"en-GB"}]}},"_links":{"self":[{"href":"https:\/\/sportambulatorium.wien\/en\/wp-json\/wp\/v2\/pages\/9757"}],"collection":[{"href":"https:\/\/sportambulatorium.wien\/en\/wp-json\/wp\/v2\/pages"}],"about":[{"href":"https:\/\/sportambulatorium.wien\/en\/wp-json\/wp\/v2\/types\/page"}],"author":[{"embeddable":true,"href":"https:\/\/sportambulatorium.wien\/en\/wp-json\/wp\/v2\/users\/1"}],"replies":[{"embeddable":true,"href":"https:\/\/sportambulatorium.wien\/en\/wp-json\/wp\/v2\/comments?post=9757"}],"version-history":[{"count":12,"href":"https:\/\/sportambulatorium.wien\/en\/wp-json\/wp\/v2\/pages\/9757\/revisions"}],"predecessor-version":[{"id":9781,"href":"https:\/\/sportambulatorium.wien\/en\/wp-json\/wp\/v2\/pages\/9757\/revisions\/9781"}],"wp:attachment":[{"href":"https:\/\/sportambulatorium.wien\/en\/wp-json\/wp\/v2\/media?parent=9757"}],"curies":[{"name":"wp","href":"https:\/\/api.w.org\/{rel}","templated":true}]}}